{"id":5104,"date":"2026-04-30T18:48:58","date_gmt":"2026-04-30T16:48:58","guid":{"rendered":"https:\/\/www.champ-etiennefourrier.com\/wp\/?post_type=product&#038;p=5104"},"modified":"2026-05-04T11:31:47","modified_gmt":"2026-05-04T09:31:47","slug":"etiquettes-personnalisees","status":"publish","type":"product","link":"https:\/\/www.champ-etiennefourrier.com\/wp\/product\/etiquettes-personnalisees\/","title":{"rendered":"Etiquette(s) personnalis\u00e9e(s)"},"content":{"rendered":"<p>\u00c9tiquette(s) personnalis\u00e9e(s) \u00e0 partir d&rsquo;un exemplaire.<\/p>\n<p>Un joli moyen d&rsquo;immortaliser votre \u00e9v\u00e8nement !<\/p>\n<p>N&rsquo;h\u00e9sitez pas, le <strong>Champagne Etienne FOURRIER, situ\u00e9 \u00e0 Baroville<\/strong> est \u00e0 votre enti\u00e8re disposition.<\/p>\n","protected":false},"excerpt":{"rendered":"<p>Un joli moyen d&rsquo;immortaliser chaque \u00e9v\u00e8nement (naissance, mariage, anniversaire, \u00e9v\u00e8nement professionnel&#8230;) !<\/p>\n<p>Nous vous proposons de personnaliser vos \u00e9tiquettes afin de marquer chaque occasion.<\/p>\n<p>Choisissez votre texte, envoyez nous vos photos et nous nous occupons du reste <strong>(<\/strong><strong>accueil@champ-etiennefourrier.fr).<\/strong><\/p>\n<p>Nous vous envoyons un mod\u00e8le par mail avant impression et restons \u00e0 votre disposition pour toute modification.<\/p>\n<p>Tarifs :<br \/>\n1 \u00e9tiquette : 1.80\u20ac par \u00e9tiquette<br \/>\n2 \u00e0 30 \u00e9tiquettes : 1\u20ac par \u00e9tiquette<br \/>\n31 \u00e0 55 \u00e9tiquettes : 0.85\u20ac par \u00e9tiquette<br \/>\n56 \u00e0 99 \u00e9tiquettes : 0.70\u20ac par \u00e9tiquette<br \/>\n100 \u00e0 119 \u00e9tiquettes : 0.50\u20ac par \u00e9tiquette<br \/>\n120 \u00e9tiquettes et plus : forfait 60\u20ac<br \/>\nEtiquette magnum : 1.80\u20ac par \u00e9tiquette<\/p>\n","protected":false},"featured_media":4638,"comment_status":"closed","ping_status":"closed","template":"","meta":[],"product_brand":[],"product_cat":[73],"product_tag":[264],"class_list":{"0":"post-5104","1":"product","2":"type-product","3":"status-publish","4":"has-post-thumbnail","6":"product_cat-nos-accessoires","7":"product_tag-etiquettes-personnalisees","9":"first","10":"instock","11":"taxable","12":"shipping-taxable","13":"product-type-simple"},"yoast_head":"<!-- This site is optimized with the Yoast SEO plugin v27.5 - https:\/\/yoast.com\/product\/yoast-seo-wordpress\/ -->\n<title>Etiquette(s) personnalis\u00e9e(s) - Champagne etienne fourrier<\/title>\n<meta name=\"robots\" content=\"index, follow, max-snippet:-1, max-image-preview:large, max-video-preview:-1\" \/>\n<link rel=\"canonical\" href=\"https:\/\/www.champ-etiennefourrier.com\/wp\/product\/etiquettes-personnalisees\/\" \/>\n<meta property=\"og:locale\" content=\"fr_FR\" \/>\n<meta property=\"og:type\" content=\"article\" \/>\n<meta property=\"og:title\" content=\"Etiquette(s) personnalis\u00e9e(s) - Champagne etienne fourrier\" \/>\n<meta property=\"og:description\" content=\"Un joli moyen d&#039;immortaliser chaque \u00e9v\u00e8nement (naissance, mariage, anniversaire, \u00e9v\u00e8nement professionnel...) !  Nous vous proposons de personnaliser vos \u00e9tiquettes afin de marquer chaque occasion.  Choisissez votre texte, envoyez nous vos photos et nous nous occupons du reste (accueil@champ-etiennefourrier.fr).  Nous vous envoyons un mod\u00e8le par mail avant impression et restons \u00e0 votre disposition pour toute modification.  Tarifs : 1 \u00e9tiquette : 1.80\u20ac par \u00e9tiquette 2 \u00e0 30 \u00e9tiquettes : 1\u20ac par \u00e9tiquette 31 \u00e0 55 \u00e9tiquettes : 0.85\u20ac par \u00e9tiquette 56 \u00e0 99 \u00e9tiquettes : 0.70\u20ac par \u00e9tiquette 100 \u00e0 119 \u00e9tiquettes : 0.50\u20ac par \u00e9tiquette 120 \u00e9tiquettes et plus : forfait 60\u20ac Etiquette magnum : 1.80\u20ac par \u00e9tiquette\" \/>\n<meta property=\"og:url\" content=\"https:\/\/www.champ-etiennefourrier.com\/wp\/product\/etiquettes-personnalisees\/\" \/>\n<meta property=\"og:site_name\" content=\"Champagne etienne fourrier\" \/>\n<meta property=\"article:modified_time\" content=\"2026-05-04T09:31:47+00:00\" \/>\n<meta property=\"og:image\" content=\"https:\/\/www.champ-etiennefourrier.com\/wp\/wp-content\/uploads\/2016\/06\/Victorine-et-Hussam-e1777560348421.png\" \/>\n\t<meta property=\"og:image:width\" content=\"940\" \/>\n\t<meta property=\"og:image:height\" content=\"626\" \/>\n\t<meta property=\"og:image:type\" content=\"image\/png\" \/>\n<meta name=\"twitter:label1\" content=\"Dur\u00e9e de lecture estim\u00e9e\" \/>\n\t<meta name=\"twitter:data1\" content=\"1 minute\" \/>\n<script type=\"application\/ld+json\" class=\"yoast-schema-graph\">{\"@context\":\"https:\\\/\\\/schema.org\",\"@graph\":[{\"@type\":\"WebPage\",\"@id\":\"https:\\\/\\\/www.champ-etiennefourrier.com\\\/wp\\\/product\\\/etiquettes-personnalisees\\\/\",\"url\":\"https:\\\/\\\/www.champ-etiennefourrier.com\\\/wp\\\/product\\\/etiquettes-personnalisees\\\/\",\"name\":\"Etiquette(s) personnalis\u00e9e(s) - Champagne etienne fourrier\",\"isPartOf\":{\"@id\":\"https:\\\/\\\/www.champ-etiennefourrier.com\\\/wp\\\/#website\"},\"primaryImageOfPage\":{\"@id\":\"https:\\\/\\\/www.champ-etiennefourrier.com\\\/wp\\\/product\\\/etiquettes-personnalisees\\\/#primaryimage\"},\"image\":{\"@id\":\"https:\\\/\\\/www.champ-etiennefourrier.com\\\/wp\\\/product\\\/etiquettes-personnalisees\\\/#primaryimage\"},\"thumbnailUrl\":\"https:\\\/\\\/www.champ-etiennefourrier.com\\\/wp\\\/wp-content\\\/uploads\\\/2016\\\/06\\\/Victorine-et-Hussam-e1777560348421.png\",\"datePublished\":\"2026-04-30T16:48:58+00:00\",\"dateModified\":\"2026-05-04T09:31:47+00:00\",\"breadcrumb\":{\"@id\":\"https:\\\/\\\/www.champ-etiennefourrier.com\\\/wp\\\/product\\\/etiquettes-personnalisees\\\/#breadcrumb\"},\"inLanguage\":\"fr-FR\",\"potentialAction\":[{\"@type\":\"ReadAction\",\"target\":[\"https:\\\/\\\/www.champ-etiennefourrier.com\\\/wp\\\/product\\\/etiquettes-personnalisees\\\/\"]}]},{\"@type\":\"ImageObject\",\"inLanguage\":\"fr-FR\",\"@id\":\"https:\\\/\\\/www.champ-etiennefourrier.com\\\/wp\\\/product\\\/etiquettes-personnalisees\\\/#primaryimage\",\"url\":\"https:\\\/\\\/www.champ-etiennefourrier.com\\\/wp\\\/wp-content\\\/uploads\\\/2016\\\/06\\\/Victorine-et-Hussam-e1777560348421.png\",\"contentUrl\":\"https:\\\/\\\/www.champ-etiennefourrier.com\\\/wp\\\/wp-content\\\/uploads\\\/2016\\\/06\\\/Victorine-et-Hussam-e1777560348421.png\",\"width\":940,\"height\":626,\"caption\":\"Champagne Etienne Fourrier \u00e9tiquette personnalis\u00e9e mariage\"},{\"@type\":\"BreadcrumbList\",\"@id\":\"https:\\\/\\\/www.champ-etiennefourrier.com\\\/wp\\\/product\\\/etiquettes-personnalisees\\\/#breadcrumb\",\"itemListElement\":[{\"@type\":\"ListItem\",\"position\":1,\"name\":\"Accueil\",\"item\":\"https:\\\/\\\/www.champ-etiennefourrier.com\\\/wp\\\/\"},{\"@type\":\"ListItem\",\"position\":2,\"name\":\"shop\",\"item\":\"https:\\\/\\\/www.champ-etiennefourrier.com\\\/wp\\\/shop\\\/\"},{\"@type\":\"ListItem\",\"position\":3,\"name\":\"Etiquette(s) personnalis\u00e9e(s)\"}]},{\"@type\":\"WebSite\",\"@id\":\"https:\\\/\\\/www.champ-etiennefourrier.com\\\/wp\\\/#website\",\"url\":\"https:\\\/\\\/www.champ-etiennefourrier.com\\\/wp\\\/\",\"name\":\"Champagne etienne fourrier\",\"description\":\"Nous faisons du vin en pensant \u00e0 nos clients, donc l&#039;\u00e9quipe ...\",\"potentialAction\":[{\"@type\":\"SearchAction\",\"target\":{\"@type\":\"EntryPoint\",\"urlTemplate\":\"https:\\\/\\\/www.champ-etiennefourrier.com\\\/wp\\\/?s={search_term_string}\"},\"query-input\":{\"@type\":\"PropertyValueSpecification\",\"valueRequired\":true,\"valueName\":\"search_term_string\"}}],\"inLanguage\":\"fr-FR\"}]}<\/script>\n<!-- \/ Yoast SEO plugin. -->","yoast_head_json":{"title":"Etiquette(s) personnalis\u00e9e(s) - Champagne etienne fourrier","robots":{"index":"index","follow":"follow","max-snippet":"max-snippet:-1","max-image-preview":"max-image-preview:large","max-video-preview":"max-video-preview:-1"},"canonical":"https:\/\/www.champ-etiennefourrier.com\/wp\/product\/etiquettes-personnalisees\/","og_locale":"fr_FR","og_type":"article","og_title":"Etiquette(s) personnalis\u00e9e(s) - Champagne etienne fourrier","og_description":"Un joli moyen d'immortaliser chaque \u00e9v\u00e8nement (naissance, mariage, anniversaire, \u00e9v\u00e8nement professionnel...) !  Nous vous proposons de personnaliser vos \u00e9tiquettes afin de marquer chaque occasion.  Choisissez votre texte, envoyez nous vos photos et nous nous occupons du reste (accueil@champ-etiennefourrier.fr).  Nous vous envoyons un mod\u00e8le par mail avant impression et restons \u00e0 votre disposition pour toute modification.  Tarifs : 1 \u00e9tiquette : 1.80\u20ac par \u00e9tiquette 2 \u00e0 30 \u00e9tiquettes : 1\u20ac par \u00e9tiquette 31 \u00e0 55 \u00e9tiquettes : 0.85\u20ac par \u00e9tiquette 56 \u00e0 99 \u00e9tiquettes : 0.70\u20ac par \u00e9tiquette 100 \u00e0 119 \u00e9tiquettes : 0.50\u20ac par \u00e9tiquette 120 \u00e9tiquettes et plus : forfait 60\u20ac Etiquette magnum : 1.80\u20ac par \u00e9tiquette","og_url":"https:\/\/www.champ-etiennefourrier.com\/wp\/product\/etiquettes-personnalisees\/","og_site_name":"Champagne etienne fourrier","article_modified_time":"2026-05-04T09:31:47+00:00","og_image":[{"width":940,"height":626,"url":"https:\/\/www.champ-etiennefourrier.com\/wp\/wp-content\/uploads\/2016\/06\/Victorine-et-Hussam-e1777560348421.png","type":"image\/png"}],"twitter_misc":{"Dur\u00e9e de lecture estim\u00e9e":"1 minute"},"schema":{"@context":"https:\/\/schema.org","@graph":[{"@type":"WebPage","@id":"https:\/\/www.champ-etiennefourrier.com\/wp\/product\/etiquettes-personnalisees\/","url":"https:\/\/www.champ-etiennefourrier.com\/wp\/product\/etiquettes-personnalisees\/","name":"Etiquette(s) personnalis\u00e9e(s) - Champagne etienne fourrier","isPartOf":{"@id":"https:\/\/www.champ-etiennefourrier.com\/wp\/#website"},"primaryImageOfPage":{"@id":"https:\/\/www.champ-etiennefourrier.com\/wp\/product\/etiquettes-personnalisees\/#primaryimage"},"image":{"@id":"https:\/\/www.champ-etiennefourrier.com\/wp\/product\/etiquettes-personnalisees\/#primaryimage"},"thumbnailUrl":"https:\/\/www.champ-etiennefourrier.com\/wp\/wp-content\/uploads\/2016\/06\/Victorine-et-Hussam-e1777560348421.png","datePublished":"2026-04-30T16:48:58+00:00","dateModified":"2026-05-04T09:31:47+00:00","breadcrumb":{"@id":"https:\/\/www.champ-etiennefourrier.com\/wp\/product\/etiquettes-personnalisees\/#breadcrumb"},"inLanguage":"fr-FR","potentialAction":[{"@type":"ReadAction","target":["https:\/\/www.champ-etiennefourrier.com\/wp\/product\/etiquettes-personnalisees\/"]}]},{"@type":"ImageObject","inLanguage":"fr-FR","@id":"https:\/\/www.champ-etiennefourrier.com\/wp\/product\/etiquettes-personnalisees\/#primaryimage","url":"https:\/\/www.champ-etiennefourrier.com\/wp\/wp-content\/uploads\/2016\/06\/Victorine-et-Hussam-e1777560348421.png","contentUrl":"https:\/\/www.champ-etiennefourrier.com\/wp\/wp-content\/uploads\/2016\/06\/Victorine-et-Hussam-e1777560348421.png","width":940,"height":626,"caption":"Champagne Etienne Fourrier \u00e9tiquette personnalis\u00e9e mariage"},{"@type":"BreadcrumbList","@id":"https:\/\/www.champ-etiennefourrier.com\/wp\/product\/etiquettes-personnalisees\/#breadcrumb","itemListElement":[{"@type":"ListItem","position":1,"name":"Accueil","item":"https:\/\/www.champ-etiennefourrier.com\/wp\/"},{"@type":"ListItem","position":2,"name":"shop","item":"https:\/\/www.champ-etiennefourrier.com\/wp\/shop\/"},{"@type":"ListItem","position":3,"name":"Etiquette(s) personnalis\u00e9e(s)"}]},{"@type":"WebSite","@id":"https:\/\/www.champ-etiennefourrier.com\/wp\/#website","url":"https:\/\/www.champ-etiennefourrier.com\/wp\/","name":"Champagne etienne fourrier","description":"Nous faisons du vin en pensant \u00e0 nos clients, donc l&#039;\u00e9quipe ...","potentialAction":[{"@type":"SearchAction","target":{"@type":"EntryPoint","urlTemplate":"https:\/\/www.champ-etiennefourrier.com\/wp\/?s={search_term_string}"},"query-input":{"@type":"PropertyValueSpecification","valueRequired":true,"valueName":"search_term_string"}}],"inLanguage":"fr-FR"}]}},"_links":{"self":[{"href":"https:\/\/www.champ-etiennefourrier.com\/wp\/wp-json\/wp\/v2\/product\/5104","targetHints":{"allow":["GET"]}}],"collection":[{"href":"https:\/\/www.champ-etiennefourrier.com\/wp\/wp-json\/wp\/v2\/product"}],"about":[{"href":"https:\/\/www.champ-etiennefourrier.com\/wp\/wp-json\/wp\/v2\/types\/product"}],"replies":[{"embeddable":true,"href":"https:\/\/www.champ-etiennefourrier.com\/wp\/wp-json\/wp\/v2\/comments?post=5104"}],"wp:featuredmedia":[{"embeddable":true,"href":"https:\/\/www.champ-etiennefourrier.com\/wp\/wp-json\/wp\/v2\/media\/4638"}],"wp:attachment":[{"href":"https:\/\/www.champ-etiennefourrier.com\/wp\/wp-json\/wp\/v2\/media?parent=5104"}],"wp:term":[{"taxonomy":"product_brand","embeddable":true,"href":"https:\/\/www.champ-etiennefourrier.com\/wp\/wp-json\/wp\/v2\/product_brand?post=5104"},{"taxonomy":"product_cat","embeddable":true,"href":"https:\/\/www.champ-etiennefourrier.com\/wp\/wp-json\/wp\/v2\/product_cat?post=5104"},{"taxonomy":"product_tag","embeddable":true,"href":"https:\/\/www.champ-etiennefourrier.com\/wp\/wp-json\/wp\/v2\/product_tag?post=5104"}],"curies":[{"name":"wp","href":"https:\/\/api.w.org\/{rel}","templated":true}]}}